{"id":475,"date":"2024-10-08T16:20:09","date_gmt":"2024-10-08T14:20:09","guid":{"rendered":"https:\/\/rhinnos.ch\/?page_id=475"},"modified":"2026-03-02T12:29:53","modified_gmt":"2026-03-02T11:29:53","slug":"actualites","status":"publish","type":"page","link":"https:\/\/rhinnos.ch\/en\/actualites\/","title":{"rendered":"News"},"content":{"rendered":"<p>[et_pb_section fb_built=\u00a0\u00bb1&Prime; _builder_version=\u00a0\u00bb4.27.4&Prime; _module_preset=\u00a0\u00bbdefault\u00a0\u00bb global_colors_info=\u00a0\u00bb{}\u00a0\u00bb][et_pb_row _builder_version=\u00a0\u00bb4.27.4&Prime; _module_preset=\u00a0\u00bbdefault\u00a0\u00bb global_colors_info=\u00a0\u00bb{}\u00a0\u00bb][et_pb_column type=\u00a0\u00bb4_4&Prime; _builder_version=\u00a0\u00bb4.27.4&Prime; _module_preset=\u00a0\u00bbdefault\u00a0\u00bb global_colors_info=\u00a0\u00bb{}\u00a0\u00bb][et_pb_cta title=\u00a0\u00bbLe Rendez-vous RH\u00a0\u00bb button_url=\u00a0\u00bbhttps:\/\/forms.office.com\/Pages\/ResponsePage.aspx?id=pbqxO4O8Mk2MGg8aJ0AtJiu9uug-NxFLkK600wPmj3dURTI3UERRNkcyN0RVUVpOSk5KSzhEN1FOQi4u\u00a0\u00bb button_text=\u00a0\u00bbJe suis int\u00e9ress\u00e9\u00a0\u00bb _builder_version=\u00a0\u00bb4.27.6&Prime; _module_preset=\u00a0\u00bbdefault\u00a0\u00bb background_color=\u00a0\u00bb#8300E9&Prime; use_background_color_gradient=\u00a0\u00bbon\u00a0\u00bb background_color_gradient_stops=\u00a0\u00bb#2b87da 0%|#29c4a9 61%\u00a0\u00bb background_image=\u00a0\u00bbhttps:\/\/rhinnos.ch\/wp-content\/uploads\/2025\/08\/Prise-de-notes-a-la-conference.png\u00a0\u00bb custom_padding=\u00a0\u00bb||35px|||\u00a0\u00bb hover_enabled=\u00a0\u00bb0&Prime; global_colors_info=\u00a0\u00bb{}\u00a0\u00bb sticky_enabled=\u00a0\u00bb0&Prime;]<\/p>\n<p style=\"text-align: left;\"><span style=\"color: #ffffff;\"><strong>Gestion du personnel pour les PME &#8211; Les cl\u00e9s du succ\u00e8s<\/strong><\/span><\/p>\n<p style=\"text-align: left;\">Nouvelle date \u00e0 venir tr\u00e8s prochainement&#8230;.<span style=\"color: #ffffff;\"><strong><\/strong><\/span><\/p>\n<p style=\"text-align: left;\">\n<p>[\/et_pb_cta][\/et_pb_column][\/et_pb_row][et_pb_row _builder_version=\u00a0\u00bb4.27.5&Prime; _module_preset=\u00a0\u00bbdefault\u00a0\u00bb global_colors_info=\u00a0\u00bb{}\u00a0\u00bb][et_pb_column type=\u00a0\u00bb4_4&Prime; _builder_version=\u00a0\u00bb4.27.5&Prime; _module_preset=\u00a0\u00bbdefault\u00a0\u00bb global_colors_info=\u00a0\u00bb{}\u00a0\u00bb][et_pb_cta title=\u00a0\u00bbPermanence RH et comptabilit\u00e9\u00a0\u00bb button_url=\u00a0\u00bbhttps:\/\/calendly.com\/maude-rhinnos\/permanence-rh\u00a0\u00bb button_text=\u00a0\u00bbJe m&rsquo;inscris gratuitement\u00a0\u00bb _builder_version=\u00a0\u00bb4.27.5&Prime; _module_preset=\u00a0\u00bbdefault\u00a0\u00bb body_text_color=\u00a0\u00bb#000000&Prime; background_color=\u00a0\u00bb#000000&Prime; background_image=\u00a0\u00bbhttps:\/\/rhinnos.ch\/wp-content\/uploads\/2026\/01\/viem9bdzkfo.jpg\u00a0\u00bb custom_button=\u00a0\u00bbon\u00a0\u00bb button_text_color=\u00a0\u00bb#474747&Prime; button_border_color=\u00a0\u00bb#6B6B6B\u00a0\u00bb background_layout=\u00a0\u00bblight\u00a0\u00bb border_width_all=\u00a0\u00bb4px\u00a0\u00bb border_color_all=\u00a0\u00bb#62687b\u00a0\u00bb global_colors_info=\u00a0\u00bb{}\u00a0\u00bb]<\/p>\n<p><span style=\"color: #62687b;\"><strong>\u00a0Vous rencontrez des difficult\u00e9s concernant la gestion de vos salaires, <\/strong><\/span><\/p>\n<p><span style=\"color: #62687b;\"><strong>les d\u00e9clarations annuelles ou la gestion de votre personnel ?<\/strong><\/span><\/p>\n<p><span style=\"color: #62687b;\"><strong>Vous avez des questions sur votre comptabilit\u00e9, la TVA ?<\/strong><\/span><\/p>\n<p><span style=\"color: #62687b;\"><strong>ou des interrogations li\u00e9es au Droit du Travail en Suisse?<\/strong><\/span><\/p>\n<p><span style=\"color: #62687b;\"><strong>Nous nous mettons \u00e0 votre disposition \u00e0 Rolle<\/strong><\/span><\/p>\n<p><strong><span style=\"color: #62687b;\">Le mardi 31 mars 2026<\/span><\/strong><\/p>\n<p><span style=\"color: #62687b;\"><strong>R\u00e9servez un cr\u00e9neau de 30 minutes pour un conseil personnalis\u00e9 gratuit <\/strong><\/span><\/p>\n<p><span style=\"color: #62687b;\"><strong>avec une Sp\u00e9cialiste en Ressources Humaines.<\/strong><\/span><\/p>\n<p><span style=\"color: #62687b;\"><strong><\/strong><\/span><\/p>\n<p>[\/et_pb_cta][\/et_pb_column][\/et_pb_row][et_pb_row column_structure=\u00a0\u00bb1_2,1_2&Prime; _builder_version=\u00a0\u00bb4.27.2&Prime; _module_preset=\u00a0\u00bbdefault\u00a0\u00bb global_colors_info=\u00a0\u00bb{}\u00a0\u00bb][et_pb_column type=\u00a0\u00bb1_2&Prime; _builder_version=\u00a0\u00bb4.27.2&Prime; _module_preset=\u00a0\u00bbdefault\u00a0\u00bb global_colors_info=\u00a0\u00bb{}\u00a0\u00bb][et_pb_video src_webm=\u00a0\u00bbhttps:\/\/rhinnos.ch\/wp-content\/uploads\/2024\/10\/Presentation-services-RH-Rhinnos.mp4&Prime; _builder_version=\u00a0\u00bb4.27.2&Prime; _module_preset=\u00a0\u00bbdefault\u00a0\u00bb global_colors_info=\u00a0\u00bb{}\u00a0\u00bb][\/et_pb_video][\/et_pb_column][et_pb_column type=\u00a0\u00bb1_2&Prime; _builder_version=\u00a0\u00bb4.27.2&Prime; _module_preset=\u00a0\u00bbdefault\u00a0\u00bb global_colors_info=\u00a0\u00bb{}\u00a0\u00bb][et_pb_video src=\u00a0\u00bbhttps:\/\/rhinnos.ch\/wp-content\/uploads\/2024\/10\/Presentation-services-RH-EN.mp4&Prime; _builder_version=\u00a0\u00bb4.27.2&Prime; _module_preset=\u00a0\u00bbdefault\u00a0\u00bb global_colors_info=\u00a0\u00bb{}\u00a0\u00bb][\/et_pb_video][\/et_pb_column][\/et_pb_row][et_pb_row column_structure=\u00a0\u00bb1_2,1_2&Prime; _builder_version=\u00a0\u00bb4.27.2&Prime; _module_preset=\u00a0\u00bbdefault\u00a0\u00bb global_colors_info=\u00a0\u00bb{}\u00a0\u00bb][et_pb_column type=\u00a0\u00bb1_2&Prime; _builder_version=\u00a0\u00bb4.27.2&Prime; _module_preset=\u00a0\u00bbdefault\u00a0\u00bb global_colors_info=\u00a0\u00bb{}\u00a0\u00bb][et_pb_image src=\u00a0\u00bbhttps:\/\/rhinnos.ch\/wp-content\/uploads\/2024\/10\/Flyer-RHinnos-FR.png\u00a0\u00bb title_text=\u00a0\u00bbFlyer RHinnos &#8211; FR\u00a0\u00bb _builder_version=\u00a0\u00bb4.27.2&Prime; _module_preset=\u00a0\u00bbdefault\u00a0\u00bb global_colors_info=\u00a0\u00bb{}\u00a0\u00bb][\/et_pb_image][\/et_pb_column][et_pb_column type=\u00a0\u00bb1_2&Prime; _builder_version=\u00a0\u00bb4.27.2&Prime; _module_preset=\u00a0\u00bbdefault\u00a0\u00bb global_colors_info=\u00a0\u00bb{}\u00a0\u00bb][et_pb_image src=\u00a0\u00bbhttps:\/\/rhinnos.ch\/wp-content\/uploads\/2024\/10\/flyer-anglais.png\u00a0\u00bb title_text=\u00a0\u00bbflyer anglais\u00a0\u00bb _builder_version=\u00a0\u00bb4.27.2&Prime; _module_preset=\u00a0\u00bbdefault\u00a0\u00bb global_colors_info=\u00a0\u00bb{}\u00a0\u00bb][\/et_pb_image][\/et_pb_column][\/et_pb_row][et_pb_row _builder_version=\u00a0\u00bb4.27.3&Prime; _module_preset=\u00a0\u00bbdefault\u00a0\u00bb global_colors_info=\u00a0\u00bb{}\u00a0\u00bb][et_pb_column type=\u00a0\u00bb4_4&Prime; _builder_version=\u00a0\u00bb4.27.3&Prime; _module_preset=\u00a0\u00bbdefault\u00a0\u00bb global_colors_info=\u00a0\u00bb{}\u00a0\u00bb][et_pb_gallery gallery_ids=\u00a0\u00bb497&Prime; _builder_version=\u00a0\u00bb4.27.3&Prime; _module_preset=\u00a0\u00bbdefault\u00a0\u00bb global_colors_info=\u00a0\u00bb{}\u00a0\u00bb][\/et_pb_gallery][\/et_pb_column][\/et_pb_row][\/et_pb_section][et_pb_section fb_built=\u00a0\u00bb1&Prime; _builder_version=\u00a0\u00bb4.27.2&Prime; _module_preset=\u00a0\u00bbdefault\u00a0\u00bb global_colors_info=\u00a0\u00bb{}\u00a0\u00bb][et_pb_row _builder_version=\u00a0\u00bb4.27.3&Prime; _module_preset=\u00a0\u00bbdefault\u00a0\u00bb global_colors_info=\u00a0\u00bb{}\u00a0\u00bb][et_pb_column type=\u00a0\u00bb4_4&Prime; _builder_version=\u00a0\u00bb4.27.3&Prime; _module_preset=\u00a0\u00bbdefault\u00a0\u00bb global_colors_info=\u00a0\u00bb{}\u00a0\u00bb][et_pb_gallery gallery_ids=\u00a0\u00bb497&Prime; _builder_version=\u00a0\u00bb4.27.3&Prime; _module_preset=\u00a0\u00bbdefault\u00a0\u00bb global_colors_info=\u00a0\u00bb{}\u00a0\u00bb][\/et_pb_gallery][\/et_pb_column][\/et_pb_row][\/et_pb_section]<\/p>\n","protected":false},"excerpt":{"rendered":"<p>Gestion du personnel pour les PME &#8211; Les cl\u00e9s du succ\u00e8s Nouvelle date \u00e0 venir tr\u00e8s prochainement&#8230;. \u00a0Vous rencontrez des difficult\u00e9s concernant la gestion de vos salaires, les d\u00e9clarations annuelles ou la gestion de votre personnel ? Vous avez des questions sur votre comptabilit\u00e9, la TVA ? ou des interrogations li\u00e9es au Droit du Travail [&hellip;]<\/p>\n","protected":false},"author":1,"featured_media":0,"parent":0,"menu_order":0,"comment_status":"closed","ping_status":"closed","template":"","meta":{"_et_pb_use_builder":"on","_et_pb_old_content":"","_et_gb_content_width":"","footnotes":""},"class_list":["post-475","page","type-page","status-publish","hentry"],"yoast_head":"<!-- This site is optimized with the Yoast SEO plugin v27.3 - https:\/\/yoast.com\/product\/yoast-seo-wordpress\/ -->\n<title>Rhinnos - D\u00e9couvrez toutes nos actualit\u00e9s et derni\u00e8res nouveaut\u00e9s.<\/title>\n<meta name=\"description\" content=\"Notre page d\u00e9di\u00e9e pour suivre toutes les actualit\u00e9s de Rhinnos. Soyez au courant des derni\u00e8res nouveaut\u00e9s, des \u00e9v\u00e9nements, et de nos services.\" \/>\n<meta name=\"robots\" content=\"index, follow, max-snippet:-1, max-image-preview:large, max-video-preview:-1\" \/>\n<link rel=\"canonical\" href=\"https:\/\/rhinnos.ch\/en\/actualites\/\" \/>\n<meta property=\"og:locale\" content=\"en_US\" \/>\n<meta property=\"og:type\" content=\"article\" \/>\n<meta property=\"og:title\" content=\"Rhinnos - D\u00e9couvrez toutes nos actualit\u00e9s et derni\u00e8res nouveaut\u00e9s.\" \/>\n<meta property=\"og:description\" content=\"Notre page d\u00e9di\u00e9e pour suivre toutes les actualit\u00e9s de Rhinnos. Soyez au courant des derni\u00e8res nouveaut\u00e9s, des \u00e9v\u00e9nements, et de nos services.\" \/>\n<meta property=\"og:url\" content=\"https:\/\/rhinnos.ch\/en\/actualites\/\" \/>\n<meta property=\"og:site_name\" content=\"Rhinnos Website\" \/>\n<meta property=\"article:modified_time\" content=\"2026-03-02T11:29:53+00:00\" \/>\n<meta name=\"twitter:card\" content=\"summary_large_image\" \/>\n<meta name=\"twitter:label1\" content=\"Est. reading time\" \/>\n\t<meta name=\"twitter:data1\" content=\"1 minute\" \/>\n<script type=\"application\/ld+json\" class=\"yoast-schema-graph\">{\"@context\":\"https:\\\/\\\/schema.org\",\"@graph\":[{\"@type\":\"WebPage\",\"@id\":\"https:\\\/\\\/rhinnos.ch\\\/actualites\\\/\",\"url\":\"https:\\\/\\\/rhinnos.ch\\\/actualites\\\/\",\"name\":\"Rhinnos - D\u00e9couvrez toutes nos actualit\u00e9s et derni\u00e8res nouveaut\u00e9s.\",\"isPartOf\":{\"@id\":\"https:\\\/\\\/rhinnos.ch\\\/#website\"},\"datePublished\":\"2024-10-08T14:20:09+00:00\",\"dateModified\":\"2026-03-02T11:29:53+00:00\",\"description\":\"Notre page d\u00e9di\u00e9e pour suivre toutes les actualit\u00e9s de Rhinnos. Soyez au courant des derni\u00e8res nouveaut\u00e9s, des \u00e9v\u00e9nements, et de nos services.\",\"breadcrumb\":{\"@id\":\"https:\\\/\\\/rhinnos.ch\\\/actualites\\\/#breadcrumb\"},\"inLanguage\":\"en-US\",\"potentialAction\":[{\"@type\":\"ReadAction\",\"target\":[\"https:\\\/\\\/rhinnos.ch\\\/actualites\\\/\"]}]},{\"@type\":\"BreadcrumbList\",\"@id\":\"https:\\\/\\\/rhinnos.ch\\\/actualites\\\/#breadcrumb\",\"itemListElement\":[{\"@type\":\"ListItem\",\"position\":1,\"name\":\"Accueil\",\"item\":\"https:\\\/\\\/rhinnos.ch\\\/\"},{\"@type\":\"ListItem\",\"position\":2,\"name\":\"Actualit\u00e9s\"}]},{\"@type\":\"WebSite\",\"@id\":\"https:\\\/\\\/rhinnos.ch\\\/#website\",\"url\":\"https:\\\/\\\/rhinnos.ch\\\/\",\"name\":\"Rhinnos S\u00e0rl\",\"description\":\"\",\"publisher\":{\"@id\":\"https:\\\/\\\/rhinnos.ch\\\/#organization\"},\"potentialAction\":[{\"@type\":\"SearchAction\",\"target\":{\"@type\":\"EntryPoint\",\"urlTemplate\":\"https:\\\/\\\/rhinnos.ch\\\/?s={search_term_string}\"},\"query-input\":{\"@type\":\"PropertyValueSpecification\",\"valueRequired\":true,\"valueName\":\"search_term_string\"}}],\"inLanguage\":\"en-US\"},{\"@type\":\"Organization\",\"@id\":\"https:\\\/\\\/rhinnos.ch\\\/#organization\",\"name\":\"Rhinnos S\u00e0rl\",\"url\":\"https:\\\/\\\/rhinnos.ch\\\/\",\"logo\":{\"@type\":\"ImageObject\",\"inLanguage\":\"en-US\",\"@id\":\"https:\\\/\\\/rhinnos.ch\\\/#\\\/schema\\\/logo\\\/image\\\/\",\"url\":\"https:\\\/\\\/rhinnos.ch\\\/wp-content\\\/uploads\\\/2024\\\/11\\\/logo-blue.svg\",\"contentUrl\":\"https:\\\/\\\/rhinnos.ch\\\/wp-content\\\/uploads\\\/2024\\\/11\\\/logo-blue.svg\",\"width\":180,\"height\":221,\"caption\":\"Rhinnos S\u00e0rl\"},\"image\":{\"@id\":\"https:\\\/\\\/rhinnos.ch\\\/#\\\/schema\\\/logo\\\/image\\\/\"}}]}<\/script>\n<!-- \/ Yoast SEO plugin. -->","yoast_head_json":{"title":"Rhinnos - D\u00e9couvrez toutes nos actualit\u00e9s et derni\u00e8res nouveaut\u00e9s.","description":"Notre page d\u00e9di\u00e9e pour suivre toutes les actualit\u00e9s de Rhinnos. Soyez au courant des derni\u00e8res nouveaut\u00e9s, des \u00e9v\u00e9nements, et de nos services.","robots":{"index":"index","follow":"follow","max-snippet":"max-snippet:-1","max-image-preview":"max-image-preview:large","max-video-preview":"max-video-preview:-1"},"canonical":"https:\/\/rhinnos.ch\/en\/actualites\/","og_locale":"en_US","og_type":"article","og_title":"Rhinnos - D\u00e9couvrez toutes nos actualit\u00e9s et derni\u00e8res nouveaut\u00e9s.","og_description":"Notre page d\u00e9di\u00e9e pour suivre toutes les actualit\u00e9s de Rhinnos. Soyez au courant des derni\u00e8res nouveaut\u00e9s, des \u00e9v\u00e9nements, et de nos services.","og_url":"https:\/\/rhinnos.ch\/en\/actualites\/","og_site_name":"Rhinnos Website","article_modified_time":"2026-03-02T11:29:53+00:00","twitter_card":"summary_large_image","twitter_misc":{"Est. reading time":"1 minute"},"schema":{"@context":"https:\/\/schema.org","@graph":[{"@type":"WebPage","@id":"https:\/\/rhinnos.ch\/actualites\/","url":"https:\/\/rhinnos.ch\/actualites\/","name":"Rhinnos - D\u00e9couvrez toutes nos actualit\u00e9s et derni\u00e8res nouveaut\u00e9s.","isPartOf":{"@id":"https:\/\/rhinnos.ch\/#website"},"datePublished":"2024-10-08T14:20:09+00:00","dateModified":"2026-03-02T11:29:53+00:00","description":"Notre page d\u00e9di\u00e9e pour suivre toutes les actualit\u00e9s de Rhinnos. Soyez au courant des derni\u00e8res nouveaut\u00e9s, des \u00e9v\u00e9nements, et de nos services.","breadcrumb":{"@id":"https:\/\/rhinnos.ch\/actualites\/#breadcrumb"},"inLanguage":"en-US","potentialAction":[{"@type":"ReadAction","target":["https:\/\/rhinnos.ch\/actualites\/"]}]},{"@type":"BreadcrumbList","@id":"https:\/\/rhinnos.ch\/actualites\/#breadcrumb","itemListElement":[{"@type":"ListItem","position":1,"name":"Accueil","item":"https:\/\/rhinnos.ch\/"},{"@type":"ListItem","position":2,"name":"Actualit\u00e9s"}]},{"@type":"WebSite","@id":"https:\/\/rhinnos.ch\/#website","url":"https:\/\/rhinnos.ch\/","name":"Rhinnos S\u00e0rl","description":"","publisher":{"@id":"https:\/\/rhinnos.ch\/#organization"},"potentialAction":[{"@type":"SearchAction","target":{"@type":"EntryPoint","urlTemplate":"https:\/\/rhinnos.ch\/?s={search_term_string}"},"query-input":{"@type":"PropertyValueSpecification","valueRequired":true,"valueName":"search_term_string"}}],"inLanguage":"en-US"},{"@type":"Organization","@id":"https:\/\/rhinnos.ch\/#organization","name":"Rhinnos S\u00e0rl","url":"https:\/\/rhinnos.ch\/","logo":{"@type":"ImageObject","inLanguage":"en-US","@id":"https:\/\/rhinnos.ch\/#\/schema\/logo\/image\/","url":"https:\/\/rhinnos.ch\/wp-content\/uploads\/2024\/11\/logo-blue.svg","contentUrl":"https:\/\/rhinnos.ch\/wp-content\/uploads\/2024\/11\/logo-blue.svg","width":180,"height":221,"caption":"Rhinnos S\u00e0rl"},"image":{"@id":"https:\/\/rhinnos.ch\/#\/schema\/logo\/image\/"}}]}},"_links":{"self":[{"href":"https:\/\/rhinnos.ch\/en\/wp-json\/wp\/v2\/pages\/475","targetHints":{"allow":["GET"]}}],"collection":[{"href":"https:\/\/rhinnos.ch\/en\/wp-json\/wp\/v2\/pages"}],"about":[{"href":"https:\/\/rhinnos.ch\/en\/wp-json\/wp\/v2\/types\/page"}],"author":[{"embeddable":true,"href":"https:\/\/rhinnos.ch\/en\/wp-json\/wp\/v2\/users\/1"}],"replies":[{"embeddable":true,"href":"https:\/\/rhinnos.ch\/en\/wp-json\/wp\/v2\/comments?post=475"}],"version-history":[{"count":31,"href":"https:\/\/rhinnos.ch\/en\/wp-json\/wp\/v2\/pages\/475\/revisions"}],"predecessor-version":[{"id":776,"href":"https:\/\/rhinnos.ch\/en\/wp-json\/wp\/v2\/pages\/475\/revisions\/776"}],"wp:attachment":[{"href":"https:\/\/rhinnos.ch\/en\/wp-json\/wp\/v2\/media?parent=475"}],"curies":[{"name":"wp","href":"https:\/\/api.w.org\/{rel}","templated":true}]}}