{"id":336,"date":"2024-05-23T13:37:09","date_gmt":"2024-05-23T11:37:09","guid":{"rendered":"https:\/\/rhinnos.ch\/?page_id=336"},"modified":"2024-11-25T11:42:30","modified_gmt":"2024-11-25T10:42:30","slug":"articles","status":"publish","type":"page","link":"https:\/\/rhinnos.ch\/en\/articles\/","title":{"rendered":"Articles"},"content":{"rendered":"\n[et_pb_section fb_built=\u00a0\u00bb1&Prime; admin_label=\u00a0\u00bbHeader\u00a0\u00bb _builder_version=\u00a0\u00bb4.25.1&Prime; use_background_color_gradient=\u00a0\u00bbon\u00a0\u00bb background_color_gradient_stops=\u00a0\u00bbrgba(0,19,46,0.6) 0%|rgba(0,19,46,0.6) 100%\u00a0\u00bb background_color_gradient_overlays_image=\u00a0\u00bbon\u00a0\u00bb background_color_gradient_start=\u00a0\u00bbrgba(0,19,46,0.6)\u00a0\u00bb background_color_gradient_end=\u00a0\u00bbrgba(0,19,46,0.6)\u00a0\u00bb background_image=\u00a0\u00bbhttps:\/\/rhinnos.ch\/wp-content\/uploads\/2023\/02\/financial-advisor-39.jpg\u00a0\u00bb min_height=\u00a0\u00bb171.2px\u00a0\u00bb custom_margin=\u00a0\u00bb||-1px|||\u00a0\u00bb custom_padding=\u00a0\u00bb3vw||3vw||true|false\u00a0\u00bb locked=\u00a0\u00bboff\u00a0\u00bb global_colors_info=\u00a0\u00bb{}\u00a0\u00bb hover_enabled=\u00a0\u00bb0&Prime; sticky_enabled=\u00a0\u00bb0&Prime;][\/et_pb_section][et_pb_section fb_built=\u00a0\u00bb1&Prime; _builder_version=\u00a0\u00bb4.25.1&Prime; _module_preset=\u00a0\u00bbdefault\u00a0\u00bb global_colors_info=\u00a0\u00bb{}\u00a0\u00bb][et_pb_row _builder_version=\u00a0\u00bb4.25.1&Prime; _module_preset=\u00a0\u00bbdefault\u00a0\u00bb][et_pb_column _builder_version=\u00a0\u00bb4.25.1&Prime; _module_preset=\u00a0\u00bbdefault\u00a0\u00bb type=\u00a0\u00bb4_4&Prime;][et_pb_blog _builder_version=\u00a0\u00bb4.25.1&Prime; _module_preset=\u00a0\u00bbdefault\u00a0\u00bb include_categories=\u00a0\u00bball\u00a0\u00bb hover_enabled=\u00a0\u00bb0&Prime; sticky_enabled=\u00a0\u00bb0&Prime; show_more=\u00a0\u00bbon\u00a0\u00bb show_comments=\u00a0\u00bbon\u00a0\u00bb show_categories=\u00a0\u00bboff\u00a0\u00bb fullwidth=\u00a0\u00bboff\u00a0\u00bb border_radii_image=\u00a0\u00bbon|20px|20px|20px|20px\u00a0\u00bb border_width_all_image=\u00a0\u00bb1px\u00a0\u00bb][\/et_pb_blog][\/et_pb_column][\/et_pb_row][\/et_pb_section]\n","protected":false},"excerpt":{"rendered":"","protected":false},"author":1,"featured_media":0,"parent":0,"menu_order":0,"comment_status":"closed","ping_status":"closed","template":"","meta":{"_et_pb_use_builder":"on","_et_pb_old_content":"","_et_gb_content_width":"","footnotes":""},"class_list":["post-336","page","type-page","status-publish","hentry"],"yoast_head":"<!-- This site is optimized with the Yoast SEO plugin v27.5 - https:\/\/yoast.com\/product\/yoast-seo-wordpress\/ -->\n<title>Rhinnos - D\u00e9couvrez nos articles disponibles sur cette page d\u00e9di\u00e9e.<\/title>\n<meta name=\"description\" content=\"Visitez notre page d\u2019articles pour rester inform\u00e9 des derni\u00e8res tendances. Retrouvez des analyses, des conseils pratiques, et des actualit\u00e9s.\" \/>\n<meta name=\"robots\" content=\"index, follow, max-snippet:-1, max-image-preview:large, max-video-preview:-1\" \/>\n<link rel=\"canonical\" href=\"https:\/\/rhinnos.ch\/en\/articles\/\" \/>\n<meta property=\"og:locale\" content=\"en_US\" \/>\n<meta property=\"og:type\" content=\"article\" \/>\n<meta property=\"og:title\" content=\"Rhinnos - D\u00e9couvrez nos articles disponibles sur cette page d\u00e9di\u00e9e.\" \/>\n<meta property=\"og:description\" content=\"Visitez notre page d\u2019articles pour rester inform\u00e9 des derni\u00e8res tendances. Retrouvez des analyses, des conseils pratiques, et des actualit\u00e9s.\" \/>\n<meta property=\"og:url\" content=\"https:\/\/rhinnos.ch\/en\/articles\/\" \/>\n<meta property=\"og:site_name\" content=\"Rhinnos Website\" \/>\n<meta property=\"article:modified_time\" content=\"2024-11-25T10:42:30+00:00\" \/>\n<meta name=\"twitter:card\" content=\"summary_large_image\" \/>\n<meta name=\"twitter:label1\" content=\"Est. reading time\" \/>\n\t<meta name=\"twitter:data1\" content=\"4 minutes\" \/>\n<script type=\"application\/ld+json\" class=\"yoast-schema-graph\">{\"@context\":\"https:\\\/\\\/schema.org\",\"@graph\":[{\"@type\":\"WebPage\",\"@id\":\"https:\\\/\\\/rhinnos.ch\\\/articles\\\/\",\"url\":\"https:\\\/\\\/rhinnos.ch\\\/articles\\\/\",\"name\":\"Rhinnos - D\u00e9couvrez nos articles disponibles sur cette page d\u00e9di\u00e9e.\",\"isPartOf\":{\"@id\":\"https:\\\/\\\/rhinnos.ch\\\/#website\"},\"datePublished\":\"2024-05-23T11:37:09+00:00\",\"dateModified\":\"2024-11-25T10:42:30+00:00\",\"description\":\"Visitez notre page d\u2019articles pour rester inform\u00e9 des derni\u00e8res tendances. Retrouvez des analyses, des conseils pratiques, et des actualit\u00e9s.\",\"breadcrumb\":{\"@id\":\"https:\\\/\\\/rhinnos.ch\\\/articles\\\/#breadcrumb\"},\"inLanguage\":\"en-US\",\"potentialAction\":[{\"@type\":\"ReadAction\",\"target\":[\"https:\\\/\\\/rhinnos.ch\\\/articles\\\/\"]}]},{\"@type\":\"BreadcrumbList\",\"@id\":\"https:\\\/\\\/rhinnos.ch\\\/articles\\\/#breadcrumb\",\"itemListElement\":[{\"@type\":\"ListItem\",\"position\":1,\"name\":\"Accueil\",\"item\":\"https:\\\/\\\/rhinnos.ch\\\/\"},{\"@type\":\"ListItem\",\"position\":2,\"name\":\"Articles\"}]},{\"@type\":\"WebSite\",\"@id\":\"https:\\\/\\\/rhinnos.ch\\\/#website\",\"url\":\"https:\\\/\\\/rhinnos.ch\\\/\",\"name\":\"Rhinnos S\u00e0rl\",\"description\":\"\",\"publisher\":{\"@id\":\"https:\\\/\\\/rhinnos.ch\\\/#organization\"},\"potentialAction\":[{\"@type\":\"SearchAction\",\"target\":{\"@type\":\"EntryPoint\",\"urlTemplate\":\"https:\\\/\\\/rhinnos.ch\\\/?s={search_term_string}\"},\"query-input\":{\"@type\":\"PropertyValueSpecification\",\"valueRequired\":true,\"valueName\":\"search_term_string\"}}],\"inLanguage\":\"en-US\"},{\"@type\":\"Organization\",\"@id\":\"https:\\\/\\\/rhinnos.ch\\\/#organization\",\"name\":\"Rhinnos S\u00e0rl\",\"url\":\"https:\\\/\\\/rhinnos.ch\\\/\",\"logo\":{\"@type\":\"ImageObject\",\"inLanguage\":\"en-US\",\"@id\":\"https:\\\/\\\/rhinnos.ch\\\/#\\\/schema\\\/logo\\\/image\\\/\",\"url\":\"https:\\\/\\\/rhinnos.ch\\\/wp-content\\\/uploads\\\/2024\\\/11\\\/logo-blue.svg\",\"contentUrl\":\"https:\\\/\\\/rhinnos.ch\\\/wp-content\\\/uploads\\\/2024\\\/11\\\/logo-blue.svg\",\"width\":180,\"height\":221,\"caption\":\"Rhinnos S\u00e0rl\"},\"image\":{\"@id\":\"https:\\\/\\\/rhinnos.ch\\\/#\\\/schema\\\/logo\\\/image\\\/\"}}]}<\/script>\n<!-- \/ Yoast SEO plugin. -->","yoast_head_json":{"title":"Rhinnos - D\u00e9couvrez nos articles disponibles sur cette page d\u00e9di\u00e9e.","description":"Visitez notre page d\u2019articles pour rester inform\u00e9 des derni\u00e8res tendances. Retrouvez des analyses, des conseils pratiques, et des actualit\u00e9s.","robots":{"index":"index","follow":"follow","max-snippet":"max-snippet:-1","max-image-preview":"max-image-preview:large","max-video-preview":"max-video-preview:-1"},"canonical":"https:\/\/rhinnos.ch\/en\/articles\/","og_locale":"en_US","og_type":"article","og_title":"Rhinnos - D\u00e9couvrez nos articles disponibles sur cette page d\u00e9di\u00e9e.","og_description":"Visitez notre page d\u2019articles pour rester inform\u00e9 des derni\u00e8res tendances. Retrouvez des analyses, des conseils pratiques, et des actualit\u00e9s.","og_url":"https:\/\/rhinnos.ch\/en\/articles\/","og_site_name":"Rhinnos Website","article_modified_time":"2024-11-25T10:42:30+00:00","twitter_card":"summary_large_image","twitter_misc":{"Est. reading time":"4 minutes"},"schema":{"@context":"https:\/\/schema.org","@graph":[{"@type":"WebPage","@id":"https:\/\/rhinnos.ch\/articles\/","url":"https:\/\/rhinnos.ch\/articles\/","name":"Rhinnos - D\u00e9couvrez nos articles disponibles sur cette page d\u00e9di\u00e9e.","isPartOf":{"@id":"https:\/\/rhinnos.ch\/#website"},"datePublished":"2024-05-23T11:37:09+00:00","dateModified":"2024-11-25T10:42:30+00:00","description":"Visitez notre page d\u2019articles pour rester inform\u00e9 des derni\u00e8res tendances. Retrouvez des analyses, des conseils pratiques, et des actualit\u00e9s.","breadcrumb":{"@id":"https:\/\/rhinnos.ch\/articles\/#breadcrumb"},"inLanguage":"en-US","potentialAction":[{"@type":"ReadAction","target":["https:\/\/rhinnos.ch\/articles\/"]}]},{"@type":"BreadcrumbList","@id":"https:\/\/rhinnos.ch\/articles\/#breadcrumb","itemListElement":[{"@type":"ListItem","position":1,"name":"Accueil","item":"https:\/\/rhinnos.ch\/"},{"@type":"ListItem","position":2,"name":"Articles"}]},{"@type":"WebSite","@id":"https:\/\/rhinnos.ch\/#website","url":"https:\/\/rhinnos.ch\/","name":"Rhinnos S\u00e0rl","description":"","publisher":{"@id":"https:\/\/rhinnos.ch\/#organization"},"potentialAction":[{"@type":"SearchAction","target":{"@type":"EntryPoint","urlTemplate":"https:\/\/rhinnos.ch\/?s={search_term_string}"},"query-input":{"@type":"PropertyValueSpecification","valueRequired":true,"valueName":"search_term_string"}}],"inLanguage":"en-US"},{"@type":"Organization","@id":"https:\/\/rhinnos.ch\/#organization","name":"Rhinnos S\u00e0rl","url":"https:\/\/rhinnos.ch\/","logo":{"@type":"ImageObject","inLanguage":"en-US","@id":"https:\/\/rhinnos.ch\/#\/schema\/logo\/image\/","url":"https:\/\/rhinnos.ch\/wp-content\/uploads\/2024\/11\/logo-blue.svg","contentUrl":"https:\/\/rhinnos.ch\/wp-content\/uploads\/2024\/11\/logo-blue.svg","width":180,"height":221,"caption":"Rhinnos S\u00e0rl"},"image":{"@id":"https:\/\/rhinnos.ch\/#\/schema\/logo\/image\/"}}]}},"_links":{"self":[{"href":"https:\/\/rhinnos.ch\/en\/wp-json\/wp\/v2\/pages\/336","targetHints":{"allow":["GET"]}}],"collection":[{"href":"https:\/\/rhinnos.ch\/en\/wp-json\/wp\/v2\/pages"}],"about":[{"href":"https:\/\/rhinnos.ch\/en\/wp-json\/wp\/v2\/types\/page"}],"author":[{"embeddable":true,"href":"https:\/\/rhinnos.ch\/en\/wp-json\/wp\/v2\/users\/1"}],"replies":[{"embeddable":true,"href":"https:\/\/rhinnos.ch\/en\/wp-json\/wp\/v2\/comments?post=336"}],"version-history":[{"count":4,"href":"https:\/\/rhinnos.ch\/en\/wp-json\/wp\/v2\/pages\/336\/revisions"}],"predecessor-version":[{"id":348,"href":"https:\/\/rhinnos.ch\/en\/wp-json\/wp\/v2\/pages\/336\/revisions\/348"}],"wp:attachment":[{"href":"https:\/\/rhinnos.ch\/en\/wp-json\/wp\/v2\/media?parent=336"}],"curies":[{"name":"wp","href":"https:\/\/api.w.org\/{rel}","templated":true}]}}