{"id":196,"date":"2023-04-08T13:46:22","date_gmt":"2023-04-08T11:46:22","guid":{"rendered":"https:\/\/rhinnos.ch\/?page_id=196"},"modified":"2024-11-25T11:10:59","modified_gmt":"2024-11-25T10:10:59","slug":"accueill","status":"publish","type":"page","link":"https:\/\/rhinnos.ch\/en\/","title":{"rendered":"Home"},"content":{"rendered":"\n[et_pb_section fb_built=\u00a0\u00bb1&Prime; admin_label=\u00a0\u00bbHeader\u00a0\u00bb _builder_version=\u00a0\u00bb4.16&Prime; use_background_color_gradient=\u00a0\u00bbon\u00a0\u00bb background_color_gradient_stops=\u00a0\u00bbrgba(0,19,46,0.6) 0%|rgba(0,19,46,0.6) 100%\u00a0\u00bb background_color_gradient_overlays_image=\u00a0\u00bbon\u00a0\u00bb background_color_gradient_start=\u00a0\u00bbrgba(0,19,46,0.6)\u00a0\u00bb background_color_gradient_end=\u00a0\u00bbrgba(0,19,46,0.6)\u00a0\u00bb background_image=\u00a0\u00bbhttps:\/\/rhinnos.ch\/wp-content\/uploads\/2023\/02\/financial-advisor-39.jpg\u00a0\u00bb min_height=\u00a0\u00bb171.2px\u00a0\u00bb custom_margin=\u00a0\u00bb||-1px|||\u00a0\u00bb custom_padding=\u00a0\u00bb3vw||3vw||true|false\u00a0\u00bb locked=\u00a0\u00bboff\u00a0\u00bb global_colors_info=\u00a0\u00bb{}\u00a0\u00bb][\/et_pb_section][et_pb_section fb_built=\u00a0\u00bb1&Prime; custom_padding_last_edited=\u00a0\u00bbon|phone\u00a0\u00bb admin_label=\u00a0\u00bbServices\u00a0\u00bb _builder_version=\u00a0\u00bb4.16&Prime; background_image=\u00a0\u00bbhttps:\/\/rhinnos.ch\/wp-content\/uploads\/2023\/02\/financial-advisor-34.png\u00a0\u00bb background_size=\u00a0\u00bbinitial\u00a0\u00bb custom_padding=\u00a0\u00bb||3vw||false|false\u00a0\u00bb custom_padding_tablet=\u00a0\u00bb0px||||false|false\u00a0\u00bb custom_padding_phone=\u00a0\u00bb\u00a0\u00bb global_colors_info=\u00a0\u00bb{}\u00a0\u00bb][et_pb_row _builder_version=\u00a0\u00bb4.16&Prime; global_colors_info=\u00a0\u00bb{}\u00a0\u00bb][et_pb_column type=\u00a0\u00bb4_4&Prime; _builder_version=\u00a0\u00bb4.16&Prime; global_colors_info=\u00a0\u00bb{}\u00a0\u00bb][et_pb_text _builder_version=\u00a0\u00bb4.16&Prime; header_2_font=\u00a0\u00bbDarker Grotesque|900|||||||\u00a0\u00bb header_2_font_size=\u00a0\u00bb60px\u00a0\u00bb text_orientation=\u00a0\u00bbcenter\u00a0\u00bb max_width=\u00a0\u00bb700px\u00a0\u00bb module_alignment=\u00a0\u00bbcenter\u00a0\u00bb header_2_font_size_tablet=\u00a0\u00bb42px\u00a0\u00bb header_2_font_size_phone=\u00a0\u00bb30px\u00a0\u00bb header_2_font_size_last_edited=\u00a0\u00bbon|phone\u00a0\u00bb locked=\u00a0\u00bboff\u00a0\u00bb global_colors_info=\u00a0\u00bb{}\u00a0\u00bb]<h2>Nos principaux services<\/h2>[\/et_pb_text][\/et_pb_column][\/et_pb_row][et_pb_row column_structure=\u00a0\u00bb1_2,1_2&Prime; _builder_version=\u00a0\u00bb4.16&Prime; global_colors_info=\u00a0\u00bb{}\u00a0\u00bb][et_pb_column type=\u00a0\u00bb1_2&Prime; _builder_version=\u00a0\u00bb4.16&Prime; global_colors_info=\u00a0\u00bb{}\u00a0\u00bb][et_pb_image src=\u00a0\u00bbhttps:\/\/rhinnos.ch\/wp-content\/uploads\/2023\/02\/financial-advisor-icon-21x.png\u00a0\u00bb title_text=\u00a0\u00bbfinancial-advisor-icon-21x\u00a0\u00bb _builder_version=\u00a0\u00bb4.20.4&Prime; global_colors_info=\u00a0\u00bb{}\u00a0\u00bb][\/et_pb_image][et_pb_text _builder_version=\u00a0\u00bb4.20.4&Prime; header_4_font=\u00a0\u00bbDarker Grotesque|900|||||||\u00a0\u00bb header_4_font_size=\u00a0\u00bb22px\u00a0\u00bb custom_margin=\u00a0\u00bb||20px||false|false\u00a0\u00bb custom_padding=\u00a0\u00bb||10px||false|false\u00a0\u00bb border_width_bottom=\u00a0\u00bb2px\u00a0\u00bb locked=\u00a0\u00bboff\u00a0\u00bb global_colors_info=\u00a0\u00bb{}\u00a0\u00bb]<h4>Gestion des salaires et charges sociales<\/h4>[\/et_pb_text][et_pb_text _builder_version=\u00a0\u00bb4.16&Prime; text_font=\u00a0\u00bbDarker Grotesque|600|||||||\u00a0\u00bb text_font_size=\u00a0\u00bb18px\u00a0\u00bb text_line_height=\u00a0\u00bb1.4em\u00a0\u00bb locked=\u00a0\u00bboff\u00a0\u00bb global_colors_info=\u00a0\u00bb{}\u00a0\u00bb]<ul>\n<li>Administration des salaires<\/li>\n<li>Relations avec les partenaires sociaux et les compagnies d&rsquo;assurances<\/li>\n<li>R\u00e9vision et mise en place de proc\u00e9dures de gestion des salaires<\/li>\n<li>Pr\u00e9paration et accompagnement aux audits (AVS, SUVA&#8230;)<\/li>\n<\/ul>\n<p>&nbsp;<\/p>[\/et_pb_text][\/et_pb_column][et_pb_column type=\u00a0\u00bb1_2&Prime; _builder_version=\u00a0\u00bb4.16&Prime; global_colors_info=\u00a0\u00bb{}\u00a0\u00bb][et_pb_image src=\u00a0\u00bbhttps:\/\/rhinnos.ch\/wp-content\/uploads\/2023\/02\/financial-advisor-icon-11x.png\u00a0\u00bb title_text=\u00a0\u00bbfinancial-advisor-icon-11x\u00a0\u00bb _builder_version=\u00a0\u00bb4.20.4&Prime; locked=\u00a0\u00bboff\u00a0\u00bb global_colors_info=\u00a0\u00bb{}\u00a0\u00bb][\/et_pb_image][et_pb_text _builder_version=\u00a0\u00bb4.16&Prime; header_4_font=\u00a0\u00bbDarker Grotesque|900|||||||\u00a0\u00bb header_4_font_size=\u00a0\u00bb22px\u00a0\u00bb custom_margin=\u00a0\u00bb||20px||false|false\u00a0\u00bb custom_padding=\u00a0\u00bb||10px||false|false\u00a0\u00bb border_width_bottom=\u00a0\u00bb2px\u00a0\u00bb locked=\u00a0\u00bboff\u00a0\u00bb global_colors_info=\u00a0\u00bb{}\u00a0\u00bb]<h4>Ressources Humaines<\/h4>[\/et_pb_text][et_pb_text _builder_version=\u00a0\u00bb4.20.4&Prime; text_font=\u00a0\u00bbDarker Grotesque|600|||||||\u00a0\u00bb text_font_size=\u00a0\u00bb18px\u00a0\u00bb text_line_height=\u00a0\u00bb1.4em\u00a0\u00bb locked=\u00a0\u00bboff\u00a0\u00bb global_colors_info=\u00a0\u00bb{}\u00a0\u00bb]<ul>\n<li><strong>Administration du personnel<\/strong><\/li>\n<li><strong>Droit du travail<\/strong><\/li>\n<li><strong>Conseils<\/strong><\/li>\n<\/ul>[\/et_pb_text][et_pb_text _builder_version=\u00a0\u00bb4.20.4&Prime; _dynamic_attributes=\u00a0\u00bblink_option_url\u00a0\u00bb _module_preset=\u00a0\u00bbdefault\u00a0\u00bb link_option_url=\u00a0\u00bb@ET-DC@eyJkeW5hbWljIjp0cnVlLCJjb250ZW50IjoicG9zdF9saW5rX3VybF9wYWdlIiwic2V0dGluZ3MiOnsicG9zdF9pZCI6IjIzOSJ9fQ==@\u00a0\u00bb hover_enabled=\u00a0\u00bb0&Prime; global_colors_info=\u00a0\u00bb{}\u00a0\u00bb sticky_enabled=\u00a0\u00bb0&Prime;]<p style=\"text-align: center;\">Voir plus&#8230;<\/p>[\/et_pb_text][\/et_pb_column][\/et_pb_row][et_pb_row column_structure=\u00a0\u00bb1_2,1_2&Prime; _builder_version=\u00a0\u00bb4.16&Prime; global_colors_info=\u00a0\u00bb{}\u00a0\u00bb][et_pb_column type=\u00a0\u00bb1_2&Prime; _builder_version=\u00a0\u00bb4.16&Prime; global_colors_info=\u00a0\u00bb{}\u00a0\u00bb][et_pb_image src=\u00a0\u00bbhttps:\/\/rhinnos.ch\/wp-content\/uploads\/2023\/02\/financial-advisor-icon-61x.png\u00a0\u00bb title_text=\u00a0\u00bbfinancial-advisor-icon-61x\u00a0\u00bb _builder_version=\u00a0\u00bb4.20.4&Prime; global_colors_info=\u00a0\u00bb{}\u00a0\u00bb][\/et_pb_image][et_pb_text _builder_version=\u00a0\u00bb4.16&Prime; header_4_font=\u00a0\u00bbDarker Grotesque|900|||||||\u00a0\u00bb header_4_font_size=\u00a0\u00bb22px\u00a0\u00bb custom_margin=\u00a0\u00bb||20px||false|false\u00a0\u00bb custom_padding=\u00a0\u00bb||10px||false|false\u00a0\u00bb border_width_bottom=\u00a0\u00bb2px\u00a0\u00bb locked=\u00a0\u00bboff\u00a0\u00bb global_colors_info=\u00a0\u00bb{}\u00a0\u00bb]<h4>Comptabilit\u00e9<\/h4>[\/et_pb_text][et_pb_text _builder_version=\u00a0\u00bb4.16&Prime; text_font=\u00a0\u00bbDarker Grotesque|600|||||||\u00a0\u00bb text_font_size=\u00a0\u00bb18px\u00a0\u00bb text_line_height=\u00a0\u00bb1.4em\u00a0\u00bb locked=\u00a0\u00bboff\u00a0\u00bb global_colors_info=\u00a0\u00bb{}\u00a0\u00bb]<ul>\n<li>Organisation, tenue et cl\u00f4ture des comptes<\/li>\n<li>D\u00e9comptes TVA trimestriels et concordance annuelle<\/li>\n<li>Comptabilit\u00e9 des salaires<\/li>\n<li>Gestion des factures clients et fournisseurs<\/li>\n<li>Pr\u00e9paration et accompagnement aux audits des comptes<\/li>\n<\/ul>[\/et_pb_text][\/et_pb_column][et_pb_column type=\u00a0\u00bb1_2&Prime; _builder_version=\u00a0\u00bb4.16&Prime; global_colors_info=\u00a0\u00bb{}\u00a0\u00bb][et_pb_image src=\u00a0\u00bbhttps:\/\/rhinnos.ch\/wp-content\/uploads\/2023\/02\/financial-advisor-icon-121x.png\u00a0\u00bb title_text=\u00a0\u00bbfinancial-advisor-icon-121x\u00a0\u00bb _builder_version=\u00a0\u00bb4.20.4&Prime; locked=\u00a0\u00bboff\u00a0\u00bb global_colors_info=\u00a0\u00bb{}\u00a0\u00bb][\/et_pb_image][et_pb_text _builder_version=\u00a0\u00bb4.16&Prime; header_4_font=\u00a0\u00bbDarker Grotesque|900|||||||\u00a0\u00bb header_4_font_size=\u00a0\u00bb22px\u00a0\u00bb custom_margin=\u00a0\u00bb||20px||false|false\u00a0\u00bb custom_padding=\u00a0\u00bb||10px||false|false\u00a0\u00bb border_width_bottom=\u00a0\u00bb2px\u00a0\u00bb locked=\u00a0\u00bboff\u00a0\u00bb global_colors_info=\u00a0\u00bb{}\u00a0\u00bb]<h4>Cr\u00e9ation d&rsquo;entreprise et accompagnement<\/h4>[\/et_pb_text][et_pb_text _builder_version=\u00a0\u00bb4.16&Prime; text_font=\u00a0\u00bbDarker Grotesque|600|||||||\u00a0\u00bb text_font_size=\u00a0\u00bb18px\u00a0\u00bb text_line_height=\u00a0\u00bb1.4em\u00a0\u00bb locked=\u00a0\u00bboff\u00a0\u00bb global_colors_info=\u00a0\u00bb{}\u00a0\u00bb]<ul>\n<li>Support \u00e0 la cr\u00e9ation de S\u00e0rl ou SA<\/li>\n<li>Mise en place et\/ou migration, param\u00e9trage logiciels compta, RH, gestion des temps (Cr\u00e9sus \/ Bexio \/ WinBiz \/ Tipee&#8230;)<\/li>\n<li>Workshop Business model et Roadmap<\/li>\n<li>Analyse de march\u00e9<\/li>\n<\/ul>[\/et_pb_text][\/et_pb_column][\/et_pb_row][et_pb_row _builder_version=\u00a0\u00bb4.20.4&Prime; _module_preset=\u00a0\u00bbdefault\u00a0\u00bb][et_pb_column _builder_version=\u00a0\u00bb4.20.4&Prime; _module_preset=\u00a0\u00bbdefault\u00a0\u00bb type=\u00a0\u00bb4_4&Prime;][et_pb_text _builder_version=\u00a0\u00bb4.20.4&Prime; _module_preset=\u00a0\u00bbdefault\u00a0\u00bb link_option_url=\u00a0\u00bb@ET-DC@eyJkeW5hbWljIjp0cnVlLCJjb250ZW50IjoicG9zdF9saW5rX3VybF9wYWdlIiwic2V0dGluZ3MiOnsicG9zdF9pZCI6IjIzOSJ9fQ==@\u00a0\u00bb _dynamic_attributes=\u00a0\u00bblink_option_url\u00a0\u00bb hover_enabled=\u00a0\u00bb0&Prime; sticky_enabled=\u00a0\u00bb0&Prime;]<p style=\"text-align: center;\">voir plus&#8230;<\/p>[\/et_pb_text][\/et_pb_column][\/et_pb_row][\/et_pb_section][et_pb_section fb_built=\u00a0\u00bb1&Prime; admin_label=\u00a0\u00bbFeature\u00a0\u00bb _builder_version=\u00a0\u00bb4.16&Prime; background_color=\u00a0\u00bb#263142&Prime; locked=\u00a0\u00bboff\u00a0\u00bb global_colors_info=\u00a0\u00bb{}\u00a0\u00bb][et_pb_row column_structure=\u00a0\u00bb1_2,1_2&Prime; _builder_version=\u00a0\u00bb4.16&Prime; global_colors_info=\u00a0\u00bb{}\u00a0\u00bb][et_pb_column type=\u00a0\u00bb1_2&Prime; _builder_version=\u00a0\u00bb4.16&Prime; global_colors_info=\u00a0\u00bb{}\u00a0\u00bb][et_pb_text _builder_version=\u00a0\u00bb4.20.4&Prime; header_2_font=\u00a0\u00bbDarker Grotesque|900|||||||\u00a0\u00bb header_2_font_size=\u00a0\u00bb60px\u00a0\u00bb background_layout=\u00a0\u00bbdark\u00a0\u00bb hover_enabled=\u00a0\u00bb0&Prime; header_2_font_size_tablet=\u00a0\u00bb42px\u00a0\u00bb header_2_font_size_phone=\u00a0\u00bb30px\u00a0\u00bb header_2_font_size_last_edited=\u00a0\u00bbon|phone\u00a0\u00bb locked=\u00a0\u00bboff\u00a0\u00bb global_colors_info=\u00a0\u00bb{}\u00a0\u00bb sticky_enabled=\u00a0\u00bb0&Prime;]<h2>Notre mission est d&rsquo;accompagner les PME qui souhaitent grandir tout en gardant le contr\u00f4le et la conformit\u00e9 de leurs donn\u00e9es administratives.<\/h2>[\/et_pb_text][\/et_pb_column][et_pb_column type=\u00a0\u00bb1_2&Prime; _builder_version=\u00a0\u00bb4.16&Prime; global_colors_info=\u00a0\u00bb{}\u00a0\u00bb][et_pb_image src=\u00a0\u00bbhttps:\/\/rhinnos.ch\/wp-content\/uploads\/2023\/02\/financial-advisor-07.jpg\u00a0\u00bb title_text=\u00a0\u00bbfinancial-advisor-07&Prime; align=\u00a0\u00bbcenter\u00a0\u00bb _builder_version=\u00a0\u00bb4.20.4&Prime; custom_margin=\u00a0\u00bb-110px||||false|false\u00a0\u00bb custom_margin_tablet=\u00a0\u00bb0px||||false|false\u00a0\u00bb custom_margin_phone=\u00a0\u00bb\u00a0\u00bb custom_margin_last_edited=\u00a0\u00bbon|phone\u00a0\u00bb hover_enabled=\u00a0\u00bb0&Prime; box_shadow_style=\u00a0\u00bbpreset1&Prime; box_shadow_vertical=\u00a0\u00bb25px\u00a0\u00bb box_shadow_blur=\u00a0\u00bb85px\u00a0\u00bb box_shadow_spread=\u00a0\u00bb-15px\u00a0\u00bb global_colors_info=\u00a0\u00bb{}\u00a0\u00bb sticky_enabled=\u00a0\u00bb0&Prime;][\/et_pb_image][\/et_pb_column][\/et_pb_row][et_pb_row column_structure=\u00a0\u00bb1_2,1_2&Prime; admin_label=\u00a0\u00bbRow\u00a0\u00bb _builder_version=\u00a0\u00bb4.16&Prime; custom_margin=\u00a0\u00bb||||false|false\u00a0\u00bb global_colors_info=\u00a0\u00bb{}\u00a0\u00bb][et_pb_column type=\u00a0\u00bb1_2&Prime; _builder_version=\u00a0\u00bb4.16&Prime; global_colors_info=\u00a0\u00bb{}\u00a0\u00bb][et_pb_image _builder_version=\u00a0\u00bb4.20.4&Prime; global_colors_info=\u00a0\u00bb{}\u00a0\u00bb][\/et_pb_image][et_pb_image _builder_version=\u00a0\u00bb4.20.4&Prime; global_colors_info=\u00a0\u00bb{}\u00a0\u00bb][\/et_pb_image][et_pb_image src=\u00a0\u00bbhttps:\/\/rhinnos.ch\/wp-content\/uploads\/2023\/02\/Rectangle-1.png\u00a0\u00bb _builder_version=\u00a0\u00bb4.16&Prime; positioning=\u00a0\u00bbabsolute\u00a0\u00bb position_origin_a=\u00a0\u00bbbottom_left\u00a0\u00bb vertical_offset=\u00a0\u00bb-46px\u00a0\u00bb horizontal_offset=\u00a0\u00bb-76px\u00a0\u00bb z_index=\u00a0\u00bb10&Prime; scroll_rotating_enable=\u00a0\u00bbon\u00a0\u00bb scroll_rotating=\u00a0\u00bb0|50|50|100|45\u00b0|0|-45\u00b0\u00a0\u00bb global_colors_info=\u00a0\u00bb{}\u00a0\u00bb][\/et_pb_image][\/et_pb_column][et_pb_column type=\u00a0\u00bb1_2&Prime; _builder_version=\u00a0\u00bb4.16&Prime; custom_padding=\u00a0\u00bb80px||||false|false\u00a0\u00bb custom_padding_tablet=\u00a0\u00bb30px||||false|false\u00a0\u00bb custom_padding_phone=\u00a0\u00bb\u00a0\u00bb custom_padding_last_edited=\u00a0\u00bbon|phone\u00a0\u00bb global_colors_info=\u00a0\u00bb{}\u00a0\u00bb][et_pb_text _builder_version=\u00a0\u00bb4.20.4&Prime; text_font=\u00a0\u00bbDarker Grotesque|800|||||||\u00a0\u00bb text_text_color=\u00a0\u00bb#ddccb8&Prime; text_font_size=\u00a0\u00bb22px\u00a0\u00bb text_line_height=\u00a0\u00bb1.4em\u00a0\u00bb background_layout=\u00a0\u00bbdark\u00a0\u00bb max_width=\u00a0\u00bb400px\u00a0\u00bb custom_padding=\u00a0\u00bb||0px|||\u00a0\u00bb global_colors_info=\u00a0\u00bb{}\u00a0\u00bb][\/et_pb_text][\/et_pb_column][\/et_pb_row][\/et_pb_section]\n","protected":false},"excerpt":{"rendered":"<p>Nos principaux servicesGestion des salaires et charges sociales Administration des salaires Relations avec les partenaires sociaux et les compagnies d&rsquo;assurances R\u00e9vision et mise en place de proc\u00e9dures de gestion des salaires Pr\u00e9paration et accompagnement aux audits (AVS, SUVA&#8230;) &nbsp;Ressources Humaines Administration du personnel Droit du travail Conseils Voir plus&#8230;Comptabilit\u00e9 Organisation, tenue et cl\u00f4ture des comptes [&hellip;]<\/p>\n","protected":false},"author":1,"featured_media":0,"parent":0,"menu_order":0,"comment_status":"closed","ping_status":"closed","template":"","meta":{"_et_pb_use_builder":"on","_et_pb_old_content":"","_et_gb_content_width":"","footnotes":""},"class_list":["post-196","page","type-page","status-publish","hentry"],"yoast_head":"<!-- This site is optimized with the Yoast SEO plugin v27.4 - https:\/\/yoast.com\/product\/yoast-seo-wordpress\/ -->\n<title>Rhinnos - Ressources Humaines Suisse avec 20 ans d&#039;exp\u00e9rience<\/title>\n<meta name=\"description\" content=\"Notre expertise de 20 ans en Ressources Humaines, gestion d\u2019entreprise et comptabilit\u00e9 offre un regard unique et une critique constructive.\" \/>\n<meta name=\"robots\" content=\"index, follow, max-snippet:-1, max-image-preview:large, max-video-preview:-1\" \/>\n<link rel=\"canonical\" href=\"https:\/\/rhinnos.ch\/en\/\" \/>\n<meta property=\"og:locale\" content=\"en_US\" \/>\n<meta property=\"og:type\" content=\"article\" \/>\n<meta property=\"og:title\" content=\"Rhinnos - Ressources Humaines Suisse avec 20 ans d&#039;exp\u00e9rience\" \/>\n<meta property=\"og:description\" content=\"Notre expertise de 20 ans en Ressources Humaines, gestion d\u2019entreprise et comptabilit\u00e9 offre un regard unique et une critique constructive.\" \/>\n<meta property=\"og:url\" content=\"https:\/\/rhinnos.ch\/en\/\" \/>\n<meta property=\"og:site_name\" content=\"Rhinnos Website\" \/>\n<meta property=\"article:modified_time\" content=\"2024-11-25T10:10:59+00:00\" \/>\n<meta name=\"twitter:card\" content=\"summary_large_image\" \/>\n<meta name=\"twitter:label1\" content=\"Est. reading time\" \/>\n\t<meta name=\"twitter:data1\" content=\"2 minutes\" \/>\n<script type=\"application\/ld+json\" class=\"yoast-schema-graph\">{\"@context\":\"https:\\\/\\\/schema.org\",\"@graph\":[{\"@type\":\"WebPage\",\"@id\":\"https:\\\/\\\/rhinnos.ch\\\/\",\"url\":\"https:\\\/\\\/rhinnos.ch\\\/\",\"name\":\"Rhinnos - Ressources Humaines Suisse avec 20 ans d'exp\u00e9rience\",\"isPartOf\":{\"@id\":\"https:\\\/\\\/rhinnos.ch\\\/#website\"},\"datePublished\":\"2023-04-08T11:46:22+00:00\",\"dateModified\":\"2024-11-25T10:10:59+00:00\",\"description\":\"Notre expertise de 20 ans en Ressources Humaines, gestion d\u2019entreprise et comptabilit\u00e9 offre un regard unique et une critique constructive.\",\"breadcrumb\":{\"@id\":\"https:\\\/\\\/rhinnos.ch\\\/#breadcrumb\"},\"inLanguage\":\"en-US\",\"potentialAction\":[{\"@type\":\"ReadAction\",\"target\":[\"https:\\\/\\\/rhinnos.ch\\\/\"]}]},{\"@type\":\"BreadcrumbList\",\"@id\":\"https:\\\/\\\/rhinnos.ch\\\/#breadcrumb\",\"itemListElement\":[{\"@type\":\"ListItem\",\"position\":1,\"name\":\"Accueil\",\"item\":\"https:\\\/\\\/rhinnos.ch\\\/\"},{\"@type\":\"ListItem\",\"position\":2,\"name\":\"Accueil\"}]},{\"@type\":\"WebSite\",\"@id\":\"https:\\\/\\\/rhinnos.ch\\\/#website\",\"url\":\"https:\\\/\\\/rhinnos.ch\\\/\",\"name\":\"Rhinnos S\u00e0rl\",\"description\":\"\",\"publisher\":{\"@id\":\"https:\\\/\\\/rhinnos.ch\\\/#organization\"},\"potentialAction\":[{\"@type\":\"SearchAction\",\"target\":{\"@type\":\"EntryPoint\",\"urlTemplate\":\"https:\\\/\\\/rhinnos.ch\\\/?s={search_term_string}\"},\"query-input\":{\"@type\":\"PropertyValueSpecification\",\"valueRequired\":true,\"valueName\":\"search_term_string\"}}],\"inLanguage\":\"en-US\"},{\"@type\":\"Organization\",\"@id\":\"https:\\\/\\\/rhinnos.ch\\\/#organization\",\"name\":\"Rhinnos S\u00e0rl\",\"url\":\"https:\\\/\\\/rhinnos.ch\\\/\",\"logo\":{\"@type\":\"ImageObject\",\"inLanguage\":\"en-US\",\"@id\":\"https:\\\/\\\/rhinnos.ch\\\/#\\\/schema\\\/logo\\\/image\\\/\",\"url\":\"https:\\\/\\\/rhinnos.ch\\\/wp-content\\\/uploads\\\/2024\\\/11\\\/logo-blue.svg\",\"contentUrl\":\"https:\\\/\\\/rhinnos.ch\\\/wp-content\\\/uploads\\\/2024\\\/11\\\/logo-blue.svg\",\"width\":180,\"height\":221,\"caption\":\"Rhinnos S\u00e0rl\"},\"image\":{\"@id\":\"https:\\\/\\\/rhinnos.ch\\\/#\\\/schema\\\/logo\\\/image\\\/\"}}]}<\/script>\n<!-- \/ Yoast SEO plugin. -->","yoast_head_json":{"title":"Rhinnos - Ressources Humaines Suisse avec 20 ans d'exp\u00e9rience","description":"Notre expertise de 20 ans en Ressources Humaines, gestion d\u2019entreprise et comptabilit\u00e9 offre un regard unique et une critique constructive.","robots":{"index":"index","follow":"follow","max-snippet":"max-snippet:-1","max-image-preview":"max-image-preview:large","max-video-preview":"max-video-preview:-1"},"canonical":"https:\/\/rhinnos.ch\/en\/","og_locale":"en_US","og_type":"article","og_title":"Rhinnos - Ressources Humaines Suisse avec 20 ans d'exp\u00e9rience","og_description":"Notre expertise de 20 ans en Ressources Humaines, gestion d\u2019entreprise et comptabilit\u00e9 offre un regard unique et une critique constructive.","og_url":"https:\/\/rhinnos.ch\/en\/","og_site_name":"Rhinnos Website","article_modified_time":"2024-11-25T10:10:59+00:00","twitter_card":"summary_large_image","twitter_misc":{"Est. reading time":"2 minutes"},"schema":{"@context":"https:\/\/schema.org","@graph":[{"@type":"WebPage","@id":"https:\/\/rhinnos.ch\/","url":"https:\/\/rhinnos.ch\/","name":"Rhinnos - Ressources Humaines Suisse avec 20 ans d'exp\u00e9rience","isPartOf":{"@id":"https:\/\/rhinnos.ch\/#website"},"datePublished":"2023-04-08T11:46:22+00:00","dateModified":"2024-11-25T10:10:59+00:00","description":"Notre expertise de 20 ans en Ressources Humaines, gestion d\u2019entreprise et comptabilit\u00e9 offre un regard unique et une critique constructive.","breadcrumb":{"@id":"https:\/\/rhinnos.ch\/#breadcrumb"},"inLanguage":"en-US","potentialAction":[{"@type":"ReadAction","target":["https:\/\/rhinnos.ch\/"]}]},{"@type":"BreadcrumbList","@id":"https:\/\/rhinnos.ch\/#breadcrumb","itemListElement":[{"@type":"ListItem","position":1,"name":"Accueil","item":"https:\/\/rhinnos.ch\/"},{"@type":"ListItem","position":2,"name":"Accueil"}]},{"@type":"WebSite","@id":"https:\/\/rhinnos.ch\/#website","url":"https:\/\/rhinnos.ch\/","name":"Rhinnos S\u00e0rl","description":"","publisher":{"@id":"https:\/\/rhinnos.ch\/#organization"},"potentialAction":[{"@type":"SearchAction","target":{"@type":"EntryPoint","urlTemplate":"https:\/\/rhinnos.ch\/?s={search_term_string}"},"query-input":{"@type":"PropertyValueSpecification","valueRequired":true,"valueName":"search_term_string"}}],"inLanguage":"en-US"},{"@type":"Organization","@id":"https:\/\/rhinnos.ch\/#organization","name":"Rhinnos S\u00e0rl","url":"https:\/\/rhinnos.ch\/","logo":{"@type":"ImageObject","inLanguage":"en-US","@id":"https:\/\/rhinnos.ch\/#\/schema\/logo\/image\/","url":"https:\/\/rhinnos.ch\/wp-content\/uploads\/2024\/11\/logo-blue.svg","contentUrl":"https:\/\/rhinnos.ch\/wp-content\/uploads\/2024\/11\/logo-blue.svg","width":180,"height":221,"caption":"Rhinnos S\u00e0rl"},"image":{"@id":"https:\/\/rhinnos.ch\/#\/schema\/logo\/image\/"}}]}},"_links":{"self":[{"href":"https:\/\/rhinnos.ch\/en\/wp-json\/wp\/v2\/pages\/196","targetHints":{"allow":["GET"]}}],"collection":[{"href":"https:\/\/rhinnos.ch\/en\/wp-json\/wp\/v2\/pages"}],"about":[{"href":"https:\/\/rhinnos.ch\/en\/wp-json\/wp\/v2\/types\/page"}],"author":[{"embeddable":true,"href":"https:\/\/rhinnos.ch\/en\/wp-json\/wp\/v2\/users\/1"}],"replies":[{"embeddable":true,"href":"https:\/\/rhinnos.ch\/en\/wp-json\/wp\/v2\/comments?post=196"}],"version-history":[{"count":30,"href":"https:\/\/rhinnos.ch\/en\/wp-json\/wp\/v2\/pages\/196\/revisions"}],"predecessor-version":[{"id":486,"href":"https:\/\/rhinnos.ch\/en\/wp-json\/wp\/v2\/pages\/196\/revisions\/486"}],"wp:attachment":[{"href":"https:\/\/rhinnos.ch\/en\/wp-json\/wp\/v2\/media?parent=196"}],"curies":[{"name":"wp","href":"https:\/\/api.w.org\/{rel}","templated":true}]}}